{"id":835,"date":"2023-08-23T18:07:49","date_gmt":"2023-08-23T21:07:49","guid":{"rendered":"https:\/\/sirleicosta.com.br\/mastologia\/"},"modified":"2025-04-02T15:20:48","modified_gmt":"2025-04-02T18:20:48","slug":"mastologia","status":"publish","type":"page","link":"https:\/\/sirleicosta.com.br\/es\/mastologia\/","title":{"rendered":"Mastolog\u00eda"},"content":{"rendered":"\t\t<div data-elementor-type=\"wp-page\" data-elementor-id=\"835\" class=\"elementor elementor-835 elementor-197\" data-elementor-post-type=\"page\">\n\t\t\t\t\t\t<section class=\"elementor-section elementor-top-section elementor-element elementor-element-202b735 elementor-section-boxed elementor-section-height-default elementor-section-height-default\" data-id=\"202b735\" data-element_type=\"section\">\n\t\t\t\t\t\t<div class=\"elementor-container elementor-column-gap-default\">\n\t\t\t\t\t<div class=\"elementor-column elementor-col-50 elementor-top-column elementor-element elementor-element-bf37785 elementor-hidden-mobile elementor-invisible\" data-id=\"bf37785\" data-element_type=\"column\" data-settings=\"{&quot;animation&quot;:&quot;fadeInLeft&quot;}\">\n\t\t\t<div class=\"elementor-widget-wrap elementor-element-populated\">\n\t\t\t\t\t\t<div class=\"elementor-element elementor-element-ff008a3 elementor-widget elementor-widget-image\" data-id=\"ff008a3\" data-element_type=\"widget\" data-widget_type=\"image.default\">\n\t\t\t\t<div class=\"elementor-widget-container\">\n\t\t\t<style>\/*! elementor - v3.21.0 - 08-05-2024 *\/\n.elementor-widget-image{text-align:center}.elementor-widget-image a{display:inline-block}.elementor-widget-image a img[src$=\".svg\"]{width:48px}.elementor-widget-image img{vertical-align:middle;display:inline-block}<\/style>\t\t\t\t\t\t\t\t\t\t<img fetchpriority=\"high\" decoding=\"async\" width=\"446\" height=\"480\" src=\"https:\/\/sirleicosta.com.br\/wp-content\/uploads\/2023\/08\/mastologia.png\" class=\"attachment-full size-full wp-image-203\" alt=\"\" srcset=\"https:\/\/sirleicosta.com.br\/wp-content\/uploads\/2023\/08\/mastologia.png 446w, https:\/\/sirleicosta.com.br\/wp-content\/uploads\/2023\/08\/mastologia-279x300.png 279w\" sizes=\"(max-width: 446px) 100vw, 446px\" \/>\t\t\t\t\t\t\t\t\t\t\t\t\t<\/div>\n\t\t\t\t<\/div>\n\t\t\t\t\t<\/div>\n\t\t<\/div>\n\t\t\t\t<div class=\"elementor-column elementor-col-50 elementor-top-column elementor-element elementor-element-31da164\" data-id=\"31da164\" data-element_type=\"column\">\n\t\t\t<div class=\"elementor-widget-wrap elementor-element-populated\">\n\t\t\t\t\t\t<div class=\"elementor-element elementor-element-6ca8651 elementor-hidden-desktop elementor-hidden-tablet elementor-widget elementor-widget-image\" data-id=\"6ca8651\" data-element_type=\"widget\" data-widget_type=\"image.default\">\n\t\t\t\t<div class=\"elementor-widget-container\">\n\t\t\t\t\t\t\t\t\t\t\t\t\t<img fetchpriority=\"high\" decoding=\"async\" width=\"446\" height=\"480\" src=\"https:\/\/sirleicosta.com.br\/wp-content\/uploads\/2023\/08\/mastologia.png\" class=\"attachment-full size-full wp-image-203\" alt=\"\" srcset=\"https:\/\/sirleicosta.com.br\/wp-content\/uploads\/2023\/08\/mastologia.png 446w, https:\/\/sirleicosta.com.br\/wp-content\/uploads\/2023\/08\/mastologia-279x300.png 279w\" sizes=\"(max-width: 446px) 100vw, 446px\" \/>\t\t\t\t\t\t\t\t\t\t\t\t\t<\/div>\n\t\t\t\t<\/div>\n\t\t\t\t<div class=\"elementor-element elementor-element-ceb2484 animated-slow elementor-invisible elementor-widget elementor-widget-text-editor\" data-id=\"ceb2484\" data-element_type=\"widget\" data-settings=\"{&quot;_animation&quot;:&quot;fadeInRight&quot;}\" data-widget_type=\"text-editor.default\">\n\t\t\t\t<div class=\"elementor-widget-container\">\n\t\t\t<style>\/*! elementor - v3.21.0 - 08-05-2024 *\/\n.elementor-widget-text-editor.elementor-drop-cap-view-stacked .elementor-drop-cap{background-color:#69727d;color:#fff}.elementor-widget-text-editor.elementor-drop-cap-view-framed .elementor-drop-cap{color:#69727d;border:3px solid;background-color:transparent}.elementor-widget-text-editor:not(.elementor-drop-cap-view-default) .elementor-drop-cap{margin-top:8px}.elementor-widget-text-editor:not(.elementor-drop-cap-view-default) .elementor-drop-cap-letter{width:1em;height:1em}.elementor-widget-text-editor .elementor-drop-cap{float:left;text-align:center;line-height:1;font-size:50px}.elementor-widget-text-editor .elementor-drop-cap-letter{display:inline-block}<\/style>\t\t\t\t<p data-pm-slice=\"1 1 []\">La Mastolog\u00eda estudia todas las patolog\u00edas de la mama, benignas o malignas, en la mujer o en el hombre. En la mujer adulta, trata de la patolog\u00eda tumoral responsable del mayor n\u00famero de muertes, principalmente en las regiones m\u00e1s desarrolladas del planeta: el C\u00c1NCER DE MAMA.<\/p>\n<p>Aunque la relaci\u00f3n \u00abn\u00famero de casos nuevos \/ n\u00famero de muertes\u00bb se est\u00e1 modificando en favor de la sobrevida de las pacientes acometidas por esa patolog\u00eda, principalmente a causa del diagn\u00f3stico m\u00e1s precoz y del descubrimiento de nuevas drogas, algunas pacientes todav\u00eda tienen diagn\u00f3stico tard\u00edo, perdiendo, as\u00ed, la posibilidad de quedar curadas de esa enfermedad.<\/p>\n\t\t\t\t\t\t<\/div>\n\t\t\t\t<\/div>\n\t\t\t\t\t<\/div>\n\t\t<\/div>\n\t\t\t\t\t<\/div>\n\t\t<\/section>\n\t\t\t\t<section class=\"elementor-section elementor-top-section elementor-element elementor-element-b60a2ab elementor-section-boxed elementor-section-height-default elementor-section-height-default\" data-id=\"b60a2ab\" data-element_type=\"section\" data-settings=\"{&quot;background_background&quot;:&quot;classic&quot;}\">\n\t\t\t\t\t\t<div class=\"elementor-container elementor-column-gap-default\">\n\t\t\t\t\t<div class=\"elementor-column elementor-col-33 elementor-top-column elementor-element elementor-element-b91a408 elementor-hidden-tablet elementor-hidden-mobile\" data-id=\"b91a408\" data-element_type=\"column\">\n\t\t\t<div class=\"elementor-widget-wrap\">\n\t\t\t\t\t\t\t<\/div>\n\t\t<\/div>\n\t\t\t\t<div class=\"elementor-column elementor-col-33 elementor-top-column elementor-element elementor-element-6b6ee18\" data-id=\"6b6ee18\" data-element_type=\"column\">\n\t\t\t<div class=\"elementor-widget-wrap elementor-element-populated\">\n\t\t\t\t\t\t<div class=\"elementor-element elementor-element-2e301f7 elementor-invisible elementor-widget elementor-widget-toggle\" data-id=\"2e301f7\" data-element_type=\"widget\" data-settings=\"{&quot;_animation&quot;:&quot;fadeInUp&quot;}\" data-widget_type=\"toggle.default\">\n\t\t\t\t<div class=\"elementor-widget-container\">\n\t\t\t<style>\/*! elementor - v3.21.0 - 08-05-2024 *\/\n.elementor-toggle{text-align:start}.elementor-toggle .elementor-tab-title{font-weight:700;line-height:1;margin:0;padding:15px;border-bottom:1px solid #d5d8dc;cursor:pointer;outline:none}.elementor-toggle .elementor-tab-title .elementor-toggle-icon{display:inline-block;width:1em}.elementor-toggle .elementor-tab-title .elementor-toggle-icon svg{margin-inline-start:-5px;width:1em;height:1em}.elementor-toggle .elementor-tab-title .elementor-toggle-icon.elementor-toggle-icon-right{float:right;text-align:right}.elementor-toggle .elementor-tab-title .elementor-toggle-icon.elementor-toggle-icon-left{float:left;text-align:left}.elementor-toggle .elementor-tab-title .elementor-toggle-icon .elementor-toggle-icon-closed{display:block}.elementor-toggle .elementor-tab-title .elementor-toggle-icon .elementor-toggle-icon-opened{display:none}.elementor-toggle .elementor-tab-title.elementor-active{border-bottom:none}.elementor-toggle .elementor-tab-title.elementor-active .elementor-toggle-icon-closed{display:none}.elementor-toggle .elementor-tab-title.elementor-active .elementor-toggle-icon-opened{display:block}.elementor-toggle .elementor-tab-content{padding:15px;border-bottom:1px solid #d5d8dc;display:none}@media (max-width:767px){.elementor-toggle .elementor-tab-title{padding:12px}.elementor-toggle .elementor-tab-content{padding:12px 10px}}.e-con-inner>.elementor-widget-toggle,.e-con>.elementor-widget-toggle{width:var(--container-widget-width);--flex-grow:var(--container-widget-flex-grow)}<\/style>\t\t<div class=\"elementor-toggle\">\n\t\t\t\t\t\t\t<div class=\"elementor-toggle-item\">\n\t\t\t\t\t<div id=\"elementor-tab-title-4841\" class=\"elementor-tab-title\" data-tab=\"1\" role=\"button\" aria-controls=\"elementor-tab-content-4841\" aria-expanded=\"false\">\n\t\t\t\t\t\t\t\t\t\t\t\t<span class=\"elementor-toggle-icon elementor-toggle-icon-right\" aria-hidden=\"true\">\n\t\t\t\t\t\t\t\t\t\t\t\t\t\t\t<span class=\"elementor-toggle-icon-closed\"><i class=\"fas fa-chevron-down\"><\/i><\/span>\n\t\t\t\t\t\t\t\t<span class=\"elementor-toggle-icon-opened\"><i class=\"elementor-toggle-icon-opened fas fa-chevron-up\"><\/i><\/span>\n\t\t\t\t\t\t\t\t\t\t\t\t\t<\/span>\n\t\t\t\t\t\t\t\t\t\t\t\t<a class=\"elementor-toggle-title\" tabindex=\"0\">Diagnostico inmedieto de las alteraciones de la mama<\/a>\n\t\t\t\t\t<\/div>\n\n\t\t\t\t\t<div id=\"elementor-tab-content-4841\" class=\"elementor-tab-content elementor-clearfix\" data-tab=\"1\" role=\"region\" aria-labelledby=\"elementor-tab-title-4841\"><p>Con los avances de la ciencia de los \u00faltimos a\u00f1os, sabemos que el c\u00e1ncer de mama no es una sola enfermedad, sino un grupo de distintos tumores con diferentes comportamientos y respuestas a los tratamientos. Por eso, es important\u00edsimo conocer bien qu\u00e9 tipo de tumor la paciente se enfrenta para atacar m\u00e1s adelante.<\/p>\n<p>La principal arma para vencer el c\u00e1ncer de mama es a\u00fan el diagn\u00f3stico precoz.<\/p>\n<p>El tratamiento inicial puede determinar la evoluci\u00f3n de la patolog\u00eda. Por este motivo, se impone la necesidad de estudiar cada caso desde el momento del diagn\u00f3stico para elegir el tratamiento m\u00e1s adecuado, asegurando las mayores posibilidades de cura o control de la enfermedad para la paciente.<\/p>\n<p>Es de fundamental importancia disponer de estructura para el diagn\u00f3stico r\u00e1pido y preciso de alteraciones de la mama como n\u00f3dulos, secreci\u00f3n por el pez\u00f3n, asimetr\u00edas o dolor, y, en el caso de diagn\u00f3stico de un tumor maligno, ofrecer tratamiento oncol\u00f3gico individualizado completo, desde el diagn\u00f3stico, planificaci\u00f3n quir\u00fargico de la retirada del tumor y reconstrucci\u00f3n de la mama hasta el retorno de la paciente a la reintegraci\u00f3n social despu\u00e9s del tratamiento.<\/p>\n<p>Dos pacientes con historias de c\u00e1ncer de mama aparentemente iguales, es decir, tumores del mismo tama\u00f1o, mamas parecidas y la misma edad pueden recibir tratamientos muy diferentes. Esto es porque en el momento de la biopsia del tumor ya se pueden estudiar algunas caracter\u00edsticas biol\u00f3gicas de ese tumor que determinan su comportamiento y respuesta a las diferentes terapias. Con estas informaciones hasta la conducta quir\u00fargica puede ser diferente. Para una de las pacientes puede ser recomendado retirar s\u00f3lo la regi\u00f3n donde est\u00e1 el tumor, con alg\u00fan tejido sano envolviendo la lesi\u00f3n y para la otra paciente puede ser favorable retirar profil\u00e1ticamente las dos mamas, con reconstrucci\u00f3n simult\u00e1nea de las mamas.<\/p>\n<p>Este trabajo requiere gran interacci\u00f3n de todos los que act\u00faan en esa tarea y toma bastante tiempo del equipo, estudiando y discutiendo \u00edtem por \u00edtem, lo que puede ser m\u00e1s favorable para cada paciente en el momento del diagn\u00f3stico y en cada fase de reevaluaci\u00f3n de la evoluci\u00f3n y respuesta a los tratamientos propuestos.<\/p>\n<\/div>\n\t\t\t\t<\/div>\n\t\t\t\t\t\t\t<div class=\"elementor-toggle-item\">\n\t\t\t\t\t<div id=\"elementor-tab-title-4842\" class=\"elementor-tab-title\" data-tab=\"2\" role=\"button\" aria-controls=\"elementor-tab-content-4842\" aria-expanded=\"false\">\n\t\t\t\t\t\t\t\t\t\t\t\t<span class=\"elementor-toggle-icon elementor-toggle-icon-right\" aria-hidden=\"true\">\n\t\t\t\t\t\t\t\t\t\t\t\t\t\t\t<span class=\"elementor-toggle-icon-closed\"><i class=\"fas fa-chevron-down\"><\/i><\/span>\n\t\t\t\t\t\t\t\t<span class=\"elementor-toggle-icon-opened\"><i class=\"elementor-toggle-icon-opened fas fa-chevron-up\"><\/i><\/span>\n\t\t\t\t\t\t\t\t\t\t\t\t\t<\/span>\n\t\t\t\t\t\t\t\t\t\t\t\t<a class=\"elementor-toggle-title\" tabindex=\"0\">Tratamiento quir\u00fargico oncol\u00f3gico de la mama<\/a>\n\t\t\t\t\t<\/div>\n\n\t\t\t\t\t<div id=\"elementor-tab-content-4842\" class=\"elementor-tab-content elementor-clearfix\" data-tab=\"2\" role=\"region\" aria-labelledby=\"elementor-tab-title-4842\"><p><b>Cirug\u00eda conservadora de la mama<\/b><br \/>Procedimiento quir\u00fargico para retirar s\u00f3lo la parte de la mama afectada por el tumor que puede ser combinado con simetrizaci\u00f3n de la mama contralateral.<\/p>\n<p><b>Cirug\u00eda Radical de la mama: Mastectom\u00eda<\/b><br \/>Procedimiento quir\u00fargico para la retirada de toda la mama que puede combinarse con la reconstrucci\u00f3n simult\u00e1nea de esta mama.<\/p>\n<p><b>Tratamiento de la axila: Ganglio Linf\u00e1tico Centinela o vaciamiento axilar<\/b><br \/>Procedimientos quir\u00fargicos para tratar los ganglios linf\u00e1ticos de la axila.<\/p>\n<p><b>Mastectom\u00eda bilateral<\/b><br \/>Procedimiento quir\u00fargico actuando en las dos mamas para tratar o prevenir el c\u00e1ncer de mama.<\/p>\n<\/div>\n\t\t\t\t<\/div>\n\t\t\t\t\t\t\t<div class=\"elementor-toggle-item\">\n\t\t\t\t\t<div id=\"elementor-tab-title-4843\" class=\"elementor-tab-title\" data-tab=\"3\" role=\"button\" aria-controls=\"elementor-tab-content-4843\" aria-expanded=\"false\">\n\t\t\t\t\t\t\t\t\t\t\t\t<span class=\"elementor-toggle-icon elementor-toggle-icon-right\" aria-hidden=\"true\">\n\t\t\t\t\t\t\t\t\t\t\t\t\t\t\t<span class=\"elementor-toggle-icon-closed\"><i class=\"fas fa-chevron-down\"><\/i><\/span>\n\t\t\t\t\t\t\t\t<span class=\"elementor-toggle-icon-opened\"><i class=\"elementor-toggle-icon-opened fas fa-chevron-up\"><\/i><\/span>\n\t\t\t\t\t\t\t\t\t\t\t\t\t<\/span>\n\t\t\t\t\t\t\t\t\t\t\t\t<a class=\"elementor-toggle-title\" tabindex=\"0\">Reconstrucci\u00f3n de mama<\/a>\n\t\t\t\t\t<\/div>\n\n\t\t\t\t\t<div id=\"elementor-tab-content-4843\" class=\"elementor-tab-content elementor-clearfix\" data-tab=\"3\" role=\"region\" aria-labelledby=\"elementor-tab-title-4843\"><p>Este procedimiento puede realizarse simult\u00e1neamente al tratamiento quir\u00fargico oncol\u00f3gico (reconstrucci\u00f3n inmediata) o en cualquier momento despu\u00e9s de la primera cirug\u00eda (reconstrucci\u00f3n tard\u00eda).<\/p>\n<p><b>Con tejido de la pared abdominal (TRAM)<\/b><br \/>Procedimiento quir\u00fargico que usa tejido de la pared abdominal (piel, grasa y m\u00fasculo) para reconstruir la mama.<\/p>\n<p><b>Con tejido del dorso de la paciente<\/b><br \/>Se utiliza el m\u00fasculo grande dorsal, la piel y el tejido subcut\u00e1neo para reconstruir la nueva mama. Normalmente, es necesaria la complementaci\u00f3n del volumen mamario con pr\u00f3tesis de silicona.<\/p>\n<p><b>Con pr\u00f3tesis de silicona<\/b><br \/>Cuando en la mastectom\u00eda es posible preservar cantidad de piel suficiente para reconstruir la nueva mama, es posible usar solamente pr\u00f3tesis de silicona, sin necesidad de otros procedimientos.<\/p>\n<p><b>Con expansor y pr\u00f3tesis<\/b><br \/>Cuando es necesario aumentar la cantidad de piel para cubrir la pr\u00f3tesis que va a reconstruir la nueva mama, se puede utilizar el expansor de tejidos (bolsa de silicona) bajo el m\u00fasculo pectoral durante alg\u00fan tiempo y despu\u00e9s de la expansi\u00f3n del volumen deseado para la nueva mama, el expansor es cambiado por la pr\u00f3tesis de silicona.<\/p>\n<p><b>Con el colgajo de omento retirado por videolaparoscopia<\/b><br \/>El omento (tejido graso ricamente vascularizado de dentro de la cavidad abdominal) puede ser aislado por videolaparoscopia y transferido a la regi\u00f3n de la mama operada.<\/p>\n<\/div>\n\t\t\t\t<\/div>\n\t\t\t\t\t\t\t<div class=\"elementor-toggle-item\">\n\t\t\t\t\t<div id=\"elementor-tab-title-4844\" class=\"elementor-tab-title\" data-tab=\"4\" role=\"button\" aria-controls=\"elementor-tab-content-4844\" aria-expanded=\"false\">\n\t\t\t\t\t\t\t\t\t\t\t\t<span class=\"elementor-toggle-icon elementor-toggle-icon-right\" aria-hidden=\"true\">\n\t\t\t\t\t\t\t\t\t\t\t\t\t\t\t<span class=\"elementor-toggle-icon-closed\"><i class=\"fas fa-chevron-down\"><\/i><\/span>\n\t\t\t\t\t\t\t\t<span class=\"elementor-toggle-icon-opened\"><i class=\"elementor-toggle-icon-opened fas fa-chevron-up\"><\/i><\/span>\n\t\t\t\t\t\t\t\t\t\t\t\t\t<\/span>\n\t\t\t\t\t\t\t\t\t\t\t\t<a class=\"elementor-toggle-title\" tabindex=\"0\">Simetrizaci\u00f3n de la mama contralateral<\/a>\n\t\t\t\t\t<\/div>\n\n\t\t\t\t\t<div id=\"elementor-tab-content-4844\" class=\"elementor-tab-content elementor-clearfix\" data-tab=\"4\" role=\"region\" aria-labelledby=\"elementor-tab-title-4844\"><div class=\"et_pb_row et_pb_row_11 et_pb_row_fullwidth\">\n<div class=\"et_pb_column et_pb_column_2_3 et_pb_column_18 et_pb_css_mix_blend_mode_passthrough et-last-child\">\n<div class=\"et_pb_module et_pb_text et_pb_text_14 et_pb_text_align_left et_pb_bg_layout_light\">\n<div class=\"et_pb_text_inner\">\n<p>Procedimiento quir\u00fargico en la mama sana para suavizar las asimetr\u00edas despu\u00e9s del tratamiento de una lesi\u00f3n por c\u00e1ncer de mama, por deformidad cong\u00e9nita o adquirida.<\/p>\n<\/div>\n<\/div>\n<\/div>\n<\/div>\n<\/div>\n\t\t\t\t<\/div>\n\t\t\t\t\t\t\t<div class=\"elementor-toggle-item\">\n\t\t\t\t\t<div id=\"elementor-tab-title-4845\" class=\"elementor-tab-title\" data-tab=\"5\" role=\"button\" aria-controls=\"elementor-tab-content-4845\" aria-expanded=\"false\">\n\t\t\t\t\t\t\t\t\t\t\t\t<span class=\"elementor-toggle-icon elementor-toggle-icon-right\" aria-hidden=\"true\">\n\t\t\t\t\t\t\t\t\t\t\t\t\t\t\t<span class=\"elementor-toggle-icon-closed\"><i class=\"fas fa-chevron-down\"><\/i><\/span>\n\t\t\t\t\t\t\t\t<span class=\"elementor-toggle-icon-opened\"><i class=\"elementor-toggle-icon-opened fas fa-chevron-up\"><\/i><\/span>\n\t\t\t\t\t\t\t\t\t\t\t\t\t<\/span>\n\t\t\t\t\t\t\t\t\t\t\t\t<a class=\"elementor-toggle-title\" tabindex=\"0\">Linfedema<\/a>\n\t\t\t\t\t<\/div>\n\n\t\t\t\t\t<div id=\"elementor-tab-content-4845\" class=\"elementor-tab-content elementor-clearfix\" data-tab=\"5\" role=\"region\" aria-labelledby=\"elementor-tab-title-4845\"><p>Edema o hinchaz\u00f3n del miembro superior donde se realiz\u00f3 el vaciamiento axilar que compromete la circulaci\u00f3n linf\u00e1tica.<\/p>\n<p><b>Supermicrocirug\u00eda<\/b><br \/>El linfedema puede ser tratado con trasplante de ganglios linf\u00e1ticos, micro veno-linfo anastomosis o liposucci\u00f3n especial para mejorar la circulaci\u00f3n linf\u00e1tica.<\/p>\n<\/div>\n\t\t\t\t<\/div>\n\t\t\t\t\t\t\t<div class=\"elementor-toggle-item\">\n\t\t\t\t\t<div id=\"elementor-tab-title-4846\" class=\"elementor-tab-title\" data-tab=\"6\" role=\"button\" aria-controls=\"elementor-tab-content-4846\" aria-expanded=\"false\">\n\t\t\t\t\t\t\t\t\t\t\t\t<span class=\"elementor-toggle-icon elementor-toggle-icon-right\" aria-hidden=\"true\">\n\t\t\t\t\t\t\t\t\t\t\t\t\t\t\t<span class=\"elementor-toggle-icon-closed\"><i class=\"fas fa-chevron-down\"><\/i><\/span>\n\t\t\t\t\t\t\t\t<span class=\"elementor-toggle-icon-opened\"><i class=\"elementor-toggle-icon-opened fas fa-chevron-up\"><\/i><\/span>\n\t\t\t\t\t\t\t\t\t\t\t\t\t<\/span>\n\t\t\t\t\t\t\t\t\t\t\t\t<a class=\"elementor-toggle-title\" tabindex=\"0\">Injerto de grasa<\/a>\n\t\t\t\t\t<\/div>\n\n\t\t\t\t\t<div id=\"elementor-tab-content-4846\" class=\"elementor-tab-content elementor-clearfix\" data-tab=\"6\" role=\"region\" aria-labelledby=\"elementor-tab-title-4846\"><div class=\"et_pb_row et_pb_row_15 et_pb_row_fullwidth\">\n<div class=\"et_pb_column et_pb_column_2_3 et_pb_column_24 et_pb_css_mix_blend_mode_passthrough et-last-child\">\n<div class=\"et_pb_module et_pb_text et_pb_text_18 et_pb_text_align_left et_pb_bg_layout_light\">\n<div class=\"et_pb_text_inner\">\n<p>Para reparar peque\u00f1as deformidades o para modelar la mama.<\/p>\n<\/div>\n<\/div>\n<\/div>\n<\/div>\n<\/div>\n\t\t\t\t<\/div>\n\t\t\t\t\t\t\t\t<\/div>\n\t\t\t\t<\/div>\n\t\t\t\t<\/div>\n\t\t\t\t\t<\/div>\n\t\t<\/div>\n\t\t\t\t<div class=\"elementor-column elementor-col-33 elementor-top-column elementor-element elementor-element-dc5be54 elementor-hidden-tablet elementor-hidden-mobile\" data-id=\"dc5be54\" data-element_type=\"column\">\n\t\t\t<div class=\"elementor-widget-wrap\">\n\t\t\t\t\t\t\t<\/div>\n\t\t<\/div>\n\t\t\t\t\t<\/div>\n\t\t<\/section>\n\t\t\t\t<\/div>\n\t\t","protected":false},"excerpt":{"rendered":"<p>La Mastolog\u00eda estudia todas las patolog\u00edas de la mama, benignas o malignas, en la mujer o en el hombre. En la mujer adulta, trata de la patolog\u00eda tumoral responsable del mayor n\u00famero de muertes, principalmente en las regiones m\u00e1s desarrolladas del planeta: el C\u00c1NCER DE MAMA. Aunque la relaci\u00f3n \u00abn\u00famero de casos nuevos \/ n\u00famero [&hellip;]<\/p>\n","protected":false},"author":6,"featured_media":0,"parent":0,"menu_order":0,"comment_status":"closed","ping_status":"closed","template":"","meta":{"inline_featured_image":false,"footnotes":""},"_links":{"self":[{"href":"https:\/\/sirleicosta.com.br\/es\/wp-json\/wp\/v2\/pages\/835"}],"collection":[{"href":"https:\/\/sirleicosta.com.br\/es\/wp-json\/wp\/v2\/pages"}],"about":[{"href":"https:\/\/sirleicosta.com.br\/es\/wp-json\/wp\/v2\/types\/page"}],"author":[{"embeddable":true,"href":"https:\/\/sirleicosta.com.br\/es\/wp-json\/wp\/v2\/users\/6"}],"replies":[{"embeddable":true,"href":"https:\/\/sirleicosta.com.br\/es\/wp-json\/wp\/v2\/comments?post=835"}],"version-history":[{"count":8,"href":"https:\/\/sirleicosta.com.br\/es\/wp-json\/wp\/v2\/pages\/835\/revisions"}],"predecessor-version":[{"id":1347,"href":"https:\/\/sirleicosta.com.br\/es\/wp-json\/wp\/v2\/pages\/835\/revisions\/1347"}],"wp:attachment":[{"href":"https:\/\/sirleicosta.com.br\/es\/wp-json\/wp\/v2\/media?parent=835"}],"curies":[{"name":"wp","href":"https:\/\/api.w.org\/{rel}","templated":true}]}}