{"id":833,"date":"2023-08-23T20:28:30","date_gmt":"2023-08-23T23:28:30","guid":{"rendered":"https:\/\/sirleicosta.com.br\/cirugia-plastica\/"},"modified":"2025-04-02T13:46:08","modified_gmt":"2025-04-02T16:46:08","slug":"cirugia-plastica","status":"publish","type":"page","link":"https:\/\/sirleicosta.com.br\/es\/cirugia-plastica\/","title":{"rendered":"Cirug\u00eda Pl\u00e1stica"},"content":{"rendered":"\t\t<div data-elementor-type=\"wp-page\" data-elementor-id=\"833\" class=\"elementor elementor-833 elementor-220\" data-elementor-post-type=\"page\">\n\t\t\t\t\t\t<section class=\"elementor-section elementor-top-section elementor-element elementor-element-15540cc elementor-section-boxed elementor-section-height-default elementor-section-height-default\" data-id=\"15540cc\" data-element_type=\"section\" data-settings=\"{&quot;background_background&quot;:&quot;classic&quot;}\">\n\t\t\t\t\t\t<div class=\"elementor-container elementor-column-gap-default\">\n\t\t\t\t\t<div class=\"elementor-column elementor-col-50 elementor-top-column elementor-element elementor-element-ac2845a elementor-invisible\" data-id=\"ac2845a\" data-element_type=\"column\" data-settings=\"{&quot;animation&quot;:&quot;fadeInLeft&quot;}\">\n\t\t\t<div class=\"elementor-widget-wrap elementor-element-populated\">\n\t\t\t\t\t\t<div class=\"elementor-element elementor-element-8e73a86 elementor-widget elementor-widget-image\" data-id=\"8e73a86\" data-element_type=\"widget\" data-widget_type=\"image.default\">\n\t\t\t\t<div class=\"elementor-widget-container\">\n\t\t\t<style>\/*! elementor - v3.21.0 - 08-05-2024 *\/\n.elementor-widget-image{text-align:center}.elementor-widget-image a{display:inline-block}.elementor-widget-image a img[src$=\".svg\"]{width:48px}.elementor-widget-image img{vertical-align:middle;display:inline-block}<\/style>\t\t\t\t\t\t\t\t\t\t<img fetchpriority=\"high\" decoding=\"async\" width=\"446\" height=\"480\" src=\"https:\/\/sirleicosta.com.br\/wp-content\/uploads\/2023\/08\/cirugia-plastica-1.png\" class=\"attachment-full size-full wp-image-222\" alt=\"\" srcset=\"https:\/\/sirleicosta.com.br\/wp-content\/uploads\/2023\/08\/cirugia-plastica-1.png 446w, https:\/\/sirleicosta.com.br\/wp-content\/uploads\/2023\/08\/cirugia-plastica-1-279x300.png 279w\" sizes=\"(max-width: 446px) 100vw, 446px\" \/>\t\t\t\t\t\t\t\t\t\t\t\t\t<\/div>\n\t\t\t\t<\/div>\n\t\t\t\t\t<\/div>\n\t\t<\/div>\n\t\t\t\t<div class=\"elementor-column elementor-col-50 elementor-top-column elementor-element elementor-element-98a8b17\" data-id=\"98a8b17\" data-element_type=\"column\">\n\t\t\t<div class=\"elementor-widget-wrap elementor-element-populated\">\n\t\t\t\t\t\t<div class=\"elementor-element elementor-element-9786ee7 animated-slow elementor-invisible elementor-widget elementor-widget-text-editor\" data-id=\"9786ee7\" data-element_type=\"widget\" data-settings=\"{&quot;_animation&quot;:&quot;fadeInRight&quot;}\" data-widget_type=\"text-editor.default\">\n\t\t\t\t<div class=\"elementor-widget-container\">\n\t\t\t<style>\/*! elementor - v3.21.0 - 08-05-2024 *\/\n.elementor-widget-text-editor.elementor-drop-cap-view-stacked .elementor-drop-cap{background-color:#69727d;color:#fff}.elementor-widget-text-editor.elementor-drop-cap-view-framed .elementor-drop-cap{color:#69727d;border:3px solid;background-color:transparent}.elementor-widget-text-editor:not(.elementor-drop-cap-view-default) .elementor-drop-cap{margin-top:8px}.elementor-widget-text-editor:not(.elementor-drop-cap-view-default) .elementor-drop-cap-letter{width:1em;height:1em}.elementor-widget-text-editor .elementor-drop-cap{float:left;text-align:center;line-height:1;font-size:50px}.elementor-widget-text-editor .elementor-drop-cap-letter{display:inline-block}<\/style>\t\t\t\t<p>La Cirug\u00eda Pl\u00e1stica act\u00faa en la identidad corporal del individuo. Pacientes con deseos de cambio, no raro, buscan la cirug\u00eda pl\u00e1stica con la fantas\u00eda de cambiar a trav\u00e9s de ella. En realidad, la Cirug\u00eda Pl\u00e1stica debe mucho m\u00e1s resaltar buenos rasgos y suavizar trazos desfavorables. <\/p>\n<p>Pero, hoy en d\u00eda, tantos recursos est\u00e1n a disposici\u00f3n que, en algunos casos, son posibles grandes cambios de la imagen de una persona. Por eso, es necesaria, cada vez m\u00e1s, mucha responsabilidad para actuar con una herramienta tan poderosa como esa, porque los l\u00edmites de los cambios no pueden obedecer a los l\u00edmites t\u00e9cnicos, sino a los l\u00edmites de cada paciente.<\/p>\n\t\t\t\t\t\t<\/div>\n\t\t\t\t<\/div>\n\t\t\t\t\t<\/div>\n\t\t<\/div>\n\t\t\t\t\t<\/div>\n\t\t<\/section>\n\t\t\t\t<section class=\"elementor-section elementor-top-section elementor-element elementor-element-2c6ffb4 elementor-section-full_width elementor-section-height-default elementor-section-height-default\" data-id=\"2c6ffb4\" data-element_type=\"section\" data-settings=\"{&quot;background_background&quot;:&quot;classic&quot;}\">\n\t\t\t\t\t\t<div class=\"elementor-container elementor-column-gap-default\">\n\t\t\t\t\t<div class=\"elementor-column elementor-col-50 elementor-top-column elementor-element elementor-element-f5d0403\" data-id=\"f5d0403\" data-element_type=\"column\" data-settings=\"{&quot;background_background&quot;:&quot;classic&quot;}\">\n\t\t\t<div class=\"elementor-widget-wrap elementor-element-populated\">\n\t\t\t\t\t\t<div class=\"elementor-element elementor-element-525b99d elementor-widget elementor-widget-text-editor\" data-id=\"525b99d\" data-element_type=\"widget\" data-widget_type=\"text-editor.default\">\n\t\t\t\t<div class=\"elementor-widget-container\">\n\t\t\t\t\t\t\t<p><span style=\"white-space-collapse: preserve;\">Mamas<\/span><\/p>\n\t\t\t\t\t\t<\/div>\n\t\t\t\t<\/div>\n\t\t\t\t<div class=\"elementor-element elementor-element-0979702 elementor-widget elementor-widget-text-editor\" data-id=\"0979702\" data-element_type=\"widget\" data-widget_type=\"text-editor.default\">\n\t\t\t\t<div class=\"elementor-widget-container\">\n\t\t\t\t\t\t\t<p><span style=\"white-space-collapse: preserve;\">Pr\u00f3tesis Mamarias: Procedimiento quir\u00fargico para aumento de volumen y \/ o correcci\u00f3n de asimetr\u00eda de las mamas.<br \/><\/span><\/p>\n<p><span style=\"white-space-collapse: preserve;\">Mamoplastia: Procedimiento quir\u00fargico para: reducci\u00f3n, aumento, elevaci\u00f3n y \/ o correcci\u00f3n de asimetr\u00eda de las mamas.<\/p>\n<p>Correcci\u00f3n de asimetr\u00eda de la mama: Procedimiento de reducci\u00f3n, aumento o reposicionamiento para el tratamiento de las diferencias de forma, volumen o posici\u00f3n de las mamas.<\/p>\n<p>Ginecomastia: Procedimiento quir\u00fargico para la retirada de la gl\u00e1ndula mamaria en el hombre.<\/p>\n<p>Injerto de grasa: Para reparar peque\u00f1as deformidades o para modelar el contorno corporal, incluyendo aumento de volumen de los gl\u00fateos.<\/p>\n<p>S\u00edndrome de Poland: S\u00edndrome cong\u00e9nita que resulta en deformidades o hasta ausencia de la mama afectada.<\/span><\/p>\n\t\t\t\t\t\t<\/div>\n\t\t\t\t<\/div>\n\t\t\t\t\t<\/div>\n\t\t<\/div>\n\t\t\t\t<div class=\"elementor-column elementor-col-50 elementor-top-column elementor-element elementor-element-311b23a\" data-id=\"311b23a\" data-element_type=\"column\" data-settings=\"{&quot;background_background&quot;:&quot;classic&quot;}\">\n\t\t\t<div class=\"elementor-widget-wrap elementor-element-populated\">\n\t\t\t\t\t\t<div class=\"elementor-element elementor-element-2898a2d elementor-widget elementor-widget-spacer\" data-id=\"2898a2d\" data-element_type=\"widget\" data-widget_type=\"spacer.default\">\n\t\t\t\t<div class=\"elementor-widget-container\">\n\t\t\t<style>\/*! elementor - v3.21.0 - 08-05-2024 *\/\n.elementor-column .elementor-spacer-inner{height:var(--spacer-size)}.e-con{--container-widget-width:100%}.e-con-inner>.elementor-widget-spacer,.e-con>.elementor-widget-spacer{width:var(--container-widget-width,var(--spacer-size));--align-self:var(--container-widget-align-self,initial);--flex-shrink:0}.e-con-inner>.elementor-widget-spacer>.elementor-widget-container,.e-con>.elementor-widget-spacer>.elementor-widget-container{height:100%;width:100%}.e-con-inner>.elementor-widget-spacer>.elementor-widget-container>.elementor-spacer,.e-con>.elementor-widget-spacer>.elementor-widget-container>.elementor-spacer{height:100%}.e-con-inner>.elementor-widget-spacer>.elementor-widget-container>.elementor-spacer>.elementor-spacer-inner,.e-con>.elementor-widget-spacer>.elementor-widget-container>.elementor-spacer>.elementor-spacer-inner{height:var(--container-widget-height,var(--spacer-size))}.e-con-inner>.elementor-widget-spacer.elementor-widget-empty,.e-con>.elementor-widget-spacer.elementor-widget-empty{position:relative;min-height:22px;min-width:22px}.e-con-inner>.elementor-widget-spacer.elementor-widget-empty .elementor-widget-empty-icon,.e-con>.elementor-widget-spacer.elementor-widget-empty .elementor-widget-empty-icon{position:absolute;top:0;bottom:0;left:0;right:0;margin:auto;padding:0;width:22px;height:22px}<\/style>\t\t<div class=\"elementor-spacer\">\n\t\t\t<div class=\"elementor-spacer-inner\"><\/div>\n\t\t<\/div>\n\t\t\t\t<\/div>\n\t\t\t\t<\/div>\n\t\t\t\t\t<\/div>\n\t\t<\/div>\n\t\t\t\t\t<\/div>\n\t\t<\/section>\n\t\t\t\t<section class=\"elementor-section elementor-top-section elementor-element elementor-element-27071d6 elementor-section-full_width elementor-hidden-desktop elementor-hidden-tablet elementor-hidden-mobile elementor-section-height-default elementor-section-height-default\" data-id=\"27071d6\" data-element_type=\"section\" data-settings=\"{&quot;background_background&quot;:&quot;classic&quot;}\">\n\t\t\t\t\t\t<div class=\"elementor-container elementor-column-gap-default\">\n\t\t\t\t\t<div class=\"elementor-column elementor-col-50 elementor-top-column elementor-element elementor-element-a4859f9 elementor-invisible\" data-id=\"a4859f9\" data-element_type=\"column\" data-settings=\"{&quot;animation&quot;:&quot;fadeInUp&quot;}\">\n\t\t\t<div class=\"elementor-widget-wrap elementor-element-populated\">\n\t\t\t\t\t\t<div class=\"elementor-element elementor-element-7fee821 elementor-widget elementor-widget-text-editor\" data-id=\"7fee821\" data-element_type=\"widget\" data-widget_type=\"text-editor.default\">\n\t\t\t\t<div class=\"elementor-widget-container\">\n\t\t\t\t\t\t\t<p><span style=\"white-space-collapse: preserve;\">Mamas<\/span><\/p>\n\t\t\t\t\t\t<\/div>\n\t\t\t\t<\/div>\n\t\t\t\t<div class=\"elementor-element elementor-element-8ce704a elementor-widget elementor-widget-text-editor\" data-id=\"8ce704a\" data-element_type=\"widget\" data-widget_type=\"text-editor.default\">\n\t\t\t\t<div class=\"elementor-widget-container\">\n\t\t\t\t\t\t\t<p><span style=\"white-space-collapse: preserve;\">Pr\u00f3tesis Mamarias: Procedimiento quir\u00fargico para aumento de volumen y \/ o correcci\u00f3n de asimetr\u00eda de las mamas.<br \/><\/span><\/p>\n<p><span style=\"white-space-collapse: preserve;\">Mamoplastia: Procedimiento quir\u00fargico para: reducci\u00f3n, aumento, elevaci\u00f3n y \/ o correcci\u00f3n de asimetr\u00eda de las mamas.<\/p>\n<p>Correcci\u00f3n de asimetr\u00eda de la mama: Procedimiento de reducci\u00f3n, aumento o reposicionamiento para el tratamiento de las diferencias de forma, volumen o posici\u00f3n de las mamas.<\/p>\n<p>Ginecomastia: Procedimiento quir\u00fargico para la retirada de la gl\u00e1ndula mamaria en el hombre.<\/p>\n<p>Injerto de grasa: Para reparar peque\u00f1as deformidades o para modelar el contorno corporal, incluyendo aumento de volumen de los gl\u00fateos.<\/p>\n<p>S\u00edndrome de Poland: S\u00edndrome cong\u00e9nita que resulta en deformidades o hasta ausencia de la mama afectada.<\/span><\/p>\n\t\t\t\t\t\t<\/div>\n\t\t\t\t<\/div>\n\t\t\t\t\t<\/div>\n\t\t<\/div>\n\t\t\t\t<div class=\"elementor-column elementor-col-50 elementor-top-column elementor-element elementor-element-019acea\" data-id=\"019acea\" data-element_type=\"column\">\n\t\t\t<div class=\"elementor-widget-wrap\">\n\t\t\t\t\t\t\t<\/div>\n\t\t<\/div>\n\t\t\t\t\t<\/div>\n\t\t<\/section>\n\t\t\t\t<section class=\"elementor-section elementor-top-section elementor-element elementor-element-48413a5 elementor-section-boxed elementor-section-height-default elementor-section-height-default\" data-id=\"48413a5\" data-element_type=\"section\">\n\t\t\t\t\t\t<div class=\"elementor-container elementor-column-gap-default\">\n\t\t\t\t\t<div class=\"elementor-column elementor-col-50 elementor-top-column elementor-element elementor-element-23a8f5a elementor-hidden-mobile elementor-invisible\" data-id=\"23a8f5a\" data-element_type=\"column\" data-settings=\"{&quot;animation&quot;:&quot;fadeInLeft&quot;}\">\n\t\t\t<div class=\"elementor-widget-wrap elementor-element-populated\">\n\t\t\t\t\t\t<div class=\"elementor-element elementor-element-2389d29 elementor-widget elementor-widget-image\" data-id=\"2389d29\" data-element_type=\"widget\" data-widget_type=\"image.default\">\n\t\t\t\t<div class=\"elementor-widget-container\">\n\t\t\t\t\t\t\t\t\t\t\t\t\t<img decoding=\"async\" width=\"4038\" height=\"2270\" src=\"https:\/\/sirleicosta.com.br\/wp-content\/uploads\/2024\/04\/1712683822_7b4ce0_fotocontorno2.png\" class=\"attachment-full size-full wp-image-965\" alt=\"\" srcset=\"https:\/\/sirleicosta.com.br\/wp-content\/uploads\/2024\/04\/1712683822_7b4ce0_fotocontorno2.png 4038w, https:\/\/sirleicosta.com.br\/wp-content\/uploads\/2024\/04\/1712683822_7b4ce0_fotocontorno2-300x169.png 300w, https:\/\/sirleicosta.com.br\/wp-content\/uploads\/2024\/04\/1712683822_7b4ce0_fotocontorno2-1024x576.png 1024w, https:\/\/sirleicosta.com.br\/wp-content\/uploads\/2024\/04\/1712683822_7b4ce0_fotocontorno2-768x432.png 768w, https:\/\/sirleicosta.com.br\/wp-content\/uploads\/2024\/04\/1712683822_7b4ce0_fotocontorno2-1536x863.png 1536w, https:\/\/sirleicosta.com.br\/wp-content\/uploads\/2024\/04\/1712683822_7b4ce0_fotocontorno2-2048x1151.png 2048w\" sizes=\"(max-width: 4038px) 100vw, 4038px\" \/>\t\t\t\t\t\t\t\t\t\t\t\t\t<\/div>\n\t\t\t\t<\/div>\n\t\t\t\t\t<\/div>\n\t\t<\/div>\n\t\t\t\t<div class=\"elementor-column elementor-col-50 elementor-top-column elementor-element elementor-element-7e56bcf\" data-id=\"7e56bcf\" data-element_type=\"column\">\n\t\t\t<div class=\"elementor-widget-wrap elementor-element-populated\">\n\t\t\t\t\t\t<div class=\"elementor-element elementor-element-bcea3a6 elementor-widget elementor-widget-text-editor\" data-id=\"bcea3a6\" data-element_type=\"widget\" data-widget_type=\"text-editor.default\">\n\t\t\t\t<div class=\"elementor-widget-container\">\n\t\t\t\t\t\t\t<p>Contorno corporal<\/p>\n\t\t\t\t\t\t<\/div>\n\t\t\t\t<\/div>\n\t\t\t\t<div class=\"elementor-element elementor-element-2dd20ed elementor-hidden-desktop elementor-hidden-tablet elementor-widget elementor-widget-image\" data-id=\"2dd20ed\" data-element_type=\"widget\" data-widget_type=\"image.default\">\n\t\t\t\t<div class=\"elementor-widget-container\">\n\t\t\t\t\t\t\t\t\t\t\t\t\t<img decoding=\"async\" width=\"4038\" height=\"2270\" src=\"https:\/\/sirleicosta.com.br\/wp-content\/uploads\/2024\/04\/1712683822_7b4ce0_fotocontorno2.png\" class=\"attachment-full size-full wp-image-965\" alt=\"\" srcset=\"https:\/\/sirleicosta.com.br\/wp-content\/uploads\/2024\/04\/1712683822_7b4ce0_fotocontorno2.png 4038w, https:\/\/sirleicosta.com.br\/wp-content\/uploads\/2024\/04\/1712683822_7b4ce0_fotocontorno2-300x169.png 300w, https:\/\/sirleicosta.com.br\/wp-content\/uploads\/2024\/04\/1712683822_7b4ce0_fotocontorno2-1024x576.png 1024w, https:\/\/sirleicosta.com.br\/wp-content\/uploads\/2024\/04\/1712683822_7b4ce0_fotocontorno2-768x432.png 768w, https:\/\/sirleicosta.com.br\/wp-content\/uploads\/2024\/04\/1712683822_7b4ce0_fotocontorno2-1536x863.png 1536w, https:\/\/sirleicosta.com.br\/wp-content\/uploads\/2024\/04\/1712683822_7b4ce0_fotocontorno2-2048x1151.png 2048w\" sizes=\"(max-width: 4038px) 100vw, 4038px\" \/>\t\t\t\t\t\t\t\t\t\t\t\t\t<\/div>\n\t\t\t\t<\/div>\n\t\t\t\t<div class=\"elementor-element elementor-element-3d2cebe elementor-widget elementor-widget-text-editor\" data-id=\"3d2cebe\" data-element_type=\"widget\" data-widget_type=\"text-editor.default\">\n\t\t\t\t<div class=\"elementor-widget-container\">\n\t\t\t\t\t\t\t<p><span style=\"color: var(--e-global-color-primary);\">Lipoaspiraci\u00f3n:<\/span> Procedimiento quir\u00fargico est\u00e9tico para el tratamiento de grasas localizadas.<\/p><p><span style=\"color: var(--e-global-color-primary);\">Lipoescultura:<\/span> Procedimiento quir\u00fargico est\u00e9tico para retirada de grasas localizadas y uso de las mismas para tratamiento est\u00e9tico en otras \u00e1reas del cuerpo, tales como gl\u00fateos, depresiones, cara.<\/p><p><span style=\"color: var(--e-global-color-primary);\">Abdominoplastia:<\/span> Procedimiento quir\u00fargico para tratar la flacidez y el exceso de piel y grasa del abdomen.<\/p><p><span style=\"color: var(--e-global-color-primary);\">Mini-abdominoplastia:<\/span> Procedimiento quir\u00fargico para tratar el abdomen, con incisi\u00f3n m\u00ednima supra-p\u00fabica.<\/p><p><span style=\"color: var(--e-global-color-primary);\">Gluteoplastia:<\/span> Procedimiento quir\u00fargico para tratar el \u00e1rea de los gl\u00fateos con uso de injerto de grasa.<\/p><p><span style=\"color: var(--e-global-color-primary);\">Cirug\u00eda de contorno corporal despu\u00e9s de grandes adelgazamientos:<\/span> Para reparar los cambios del contorno corporal despu\u00e9s del adelgazamiento.<\/p>\t\t\t\t\t\t<\/div>\n\t\t\t\t<\/div>\n\t\t\t\t\t<\/div>\n\t\t<\/div>\n\t\t\t\t\t<\/div>\n\t\t<\/section>\n\t\t\t\t<\/div>\n\t\t","protected":false},"excerpt":{"rendered":"<p>La Cirug\u00eda Pl\u00e1stica act\u00faa en la identidad corporal del individuo. Pacientes con deseos de cambio, no raro, buscan la cirug\u00eda pl\u00e1stica con la fantas\u00eda de cambiar a trav\u00e9s de ella. En realidad, la Cirug\u00eda Pl\u00e1stica debe mucho m\u00e1s resaltar buenos rasgos y suavizar trazos desfavorables. Pero, hoy en d\u00eda, tantos recursos est\u00e1n a disposici\u00f3n que, [&hellip;]<\/p>\n","protected":false},"author":6,"featured_media":0,"parent":0,"menu_order":0,"comment_status":"closed","ping_status":"closed","template":"","meta":{"inline_featured_image":false,"footnotes":""},"_links":{"self":[{"href":"https:\/\/sirleicosta.com.br\/es\/wp-json\/wp\/v2\/pages\/833"}],"collection":[{"href":"https:\/\/sirleicosta.com.br\/es\/wp-json\/wp\/v2\/pages"}],"about":[{"href":"https:\/\/sirleicosta.com.br\/es\/wp-json\/wp\/v2\/types\/page"}],"author":[{"embeddable":true,"href":"https:\/\/sirleicosta.com.br\/es\/wp-json\/wp\/v2\/users\/6"}],"replies":[{"embeddable":true,"href":"https:\/\/sirleicosta.com.br\/es\/wp-json\/wp\/v2\/comments?post=833"}],"version-history":[{"count":15,"href":"https:\/\/sirleicosta.com.br\/es\/wp-json\/wp\/v2\/pages\/833\/revisions"}],"predecessor-version":[{"id":1268,"href":"https:\/\/sirleicosta.com.br\/es\/wp-json\/wp\/v2\/pages\/833\/revisions\/1268"}],"wp:attachment":[{"href":"https:\/\/sirleicosta.com.br\/es\/wp-json\/wp\/v2\/media?parent=833"}],"curies":[{"name":"wp","href":"https:\/\/api.w.org\/{rel}","templated":true}]}}