{"id":831,"date":"2023-08-23T20:37:44","date_gmt":"2023-08-23T23:37:44","guid":{"rendered":"https:\/\/sirleicosta.com.br\/asimetrias-de-la-mama\/"},"modified":"2025-04-02T13:40:05","modified_gmt":"2025-04-02T16:40:05","slug":"asimetrias-de-la-mama","status":"publish","type":"page","link":"https:\/\/sirleicosta.com.br\/es\/asimetrias-de-la-mama\/","title":{"rendered":"Asimetrias de la Mama"},"content":{"rendered":"\t\t<div data-elementor-type=\"wp-page\" data-elementor-id=\"831\" class=\"elementor elementor-831 elementor-231\" data-elementor-post-type=\"page\">\n\t\t\t\t\t\t<section class=\"elementor-section elementor-top-section elementor-element elementor-element-ca8c2bc elementor-section-boxed elementor-section-height-default elementor-section-height-default\" data-id=\"ca8c2bc\" data-element_type=\"section\" data-settings=\"{&quot;background_background&quot;:&quot;classic&quot;}\">\n\t\t\t\t\t\t<div class=\"elementor-container elementor-column-gap-default\">\n\t\t\t\t\t<div class=\"elementor-column elementor-col-50 elementor-top-column elementor-element elementor-element-08ca0f4 elementor-hidden-mobile\" data-id=\"08ca0f4\" data-element_type=\"column\">\n\t\t\t<div class=\"elementor-widget-wrap elementor-element-populated\">\n\t\t\t\t\t\t<div class=\"elementor-element elementor-element-a4874a6 elementor-widget elementor-widget-image\" data-id=\"a4874a6\" data-element_type=\"widget\" data-widget_type=\"image.default\">\n\t\t\t\t<div class=\"elementor-widget-container\">\n\t\t\t<style>\/*! elementor - v3.21.0 - 08-05-2024 *\/\n.elementor-widget-image{text-align:center}.elementor-widget-image a{display:inline-block}.elementor-widget-image a img[src$=\".svg\"]{width:48px}.elementor-widget-image img{vertical-align:middle;display:inline-block}<\/style>\t\t\t\t\t\t\t\t\t\t<img fetchpriority=\"high\" decoding=\"async\" width=\"446\" height=\"936\" src=\"https:\/\/sirleicosta.com.br\/wp-content\/uploads\/2023\/08\/assimetria.png\" class=\"attachment-full size-full wp-image-235\" alt=\"\" srcset=\"https:\/\/sirleicosta.com.br\/wp-content\/uploads\/2023\/08\/assimetria.png 446w, https:\/\/sirleicosta.com.br\/wp-content\/uploads\/2023\/08\/assimetria-143x300.png 143w\" sizes=\"(max-width: 446px) 100vw, 446px\" \/>\t\t\t\t\t\t\t\t\t\t\t\t\t<\/div>\n\t\t\t\t<\/div>\n\t\t\t\t\t<\/div>\n\t\t<\/div>\n\t\t\t\t<div class=\"elementor-column elementor-col-50 elementor-top-column elementor-element elementor-element-e2fdbe4\" data-id=\"e2fdbe4\" data-element_type=\"column\">\n\t\t\t<div class=\"elementor-widget-wrap elementor-element-populated\">\n\t\t\t\t\t\t<div class=\"elementor-element elementor-element-698429d animated-slow elementor-invisible elementor-widget elementor-widget-heading\" data-id=\"698429d\" data-element_type=\"widget\" data-settings=\"{&quot;_animation&quot;:&quot;fadeInRight&quot;}\" data-widget_type=\"heading.default\">\n\t\t\t\t<div class=\"elementor-widget-container\">\n\t\t\t<style>\/*! elementor - v3.21.0 - 08-05-2024 *\/\n.elementor-heading-title{padding:0;margin:0;line-height:1}.elementor-widget-heading .elementor-heading-title[class*=elementor-size-]>a{color:inherit;font-size:inherit;line-height:inherit}.elementor-widget-heading .elementor-heading-title.elementor-size-small{font-size:15px}.elementor-widget-heading .elementor-heading-title.elementor-size-medium{font-size:19px}.elementor-widget-heading .elementor-heading-title.elementor-size-large{font-size:29px}.elementor-widget-heading .elementor-heading-title.elementor-size-xl{font-size:39px}.elementor-widget-heading .elementor-heading-title.elementor-size-xxl{font-size:59px}<\/style><h3 class=\"elementor-heading-title elementor-size-default\">Simetr\u00eda, proporci\u00f3n y armon\u00eda.<\/h3>\t\t<\/div>\n\t\t\t\t<\/div>\n\t\t\t\t<div class=\"elementor-element elementor-element-1cca6a4 elementor-hidden-desktop elementor-hidden-mobile elementor-hidden-tablet elementor-widget elementor-widget-image\" data-id=\"1cca6a4\" data-element_type=\"widget\" data-widget_type=\"image.default\">\n\t\t\t\t<div class=\"elementor-widget-container\">\n\t\t\t\t\t\t\t\t\t\t\t\t\t<img fetchpriority=\"high\" decoding=\"async\" width=\"446\" height=\"936\" src=\"https:\/\/sirleicosta.com.br\/wp-content\/uploads\/2023\/08\/assimetria.png\" class=\"attachment-full size-full wp-image-235\" alt=\"\" srcset=\"https:\/\/sirleicosta.com.br\/wp-content\/uploads\/2023\/08\/assimetria.png 446w, https:\/\/sirleicosta.com.br\/wp-content\/uploads\/2023\/08\/assimetria-143x300.png 143w\" sizes=\"(max-width: 446px) 100vw, 446px\" \/>\t\t\t\t\t\t\t\t\t\t\t\t\t<\/div>\n\t\t\t\t<\/div>\n\t\t\t\t<div class=\"elementor-element elementor-element-cec7588 animated-slow elementor-invisible elementor-widget elementor-widget-text-editor\" data-id=\"cec7588\" data-element_type=\"widget\" data-settings=\"{&quot;_animation&quot;:&quot;fadeInRight&quot;}\" data-widget_type=\"text-editor.default\">\n\t\t\t\t<div class=\"elementor-widget-container\">\n\t\t\t<style>\/*! elementor - v3.21.0 - 08-05-2024 *\/\n.elementor-widget-text-editor.elementor-drop-cap-view-stacked .elementor-drop-cap{background-color:#69727d;color:#fff}.elementor-widget-text-editor.elementor-drop-cap-view-framed .elementor-drop-cap{color:#69727d;border:3px solid;background-color:transparent}.elementor-widget-text-editor:not(.elementor-drop-cap-view-default) .elementor-drop-cap{margin-top:8px}.elementor-widget-text-editor:not(.elementor-drop-cap-view-default) .elementor-drop-cap-letter{width:1em;height:1em}.elementor-widget-text-editor .elementor-drop-cap{float:left;text-align:center;line-height:1;font-size:50px}.elementor-widget-text-editor .elementor-drop-cap-letter{display:inline-block}<\/style>\t\t\t\t<p>Las asimetr\u00edas son muy frecuentes en el cuerpo humano y una de las principales quejas en las consultas de cirug\u00eda est\u00e9tica. La percepci\u00f3n, el entendimiento y el tratamiento de estas alteraciones, que huyen de lo considerado como normalidad, son muy importantes para el adecuado manejo de las intervenciones de la mama.<\/p>\n<p>La simetr\u00eda no da, por s\u00ed sola, belleza a las mamas, porque sola es mon\u00f3tona y previsible. Sin embargo, asociada a la forma y proporci\u00f3n, tiene un papel importante en el atractivo est\u00e9tico de la imagen corporal.<\/p>\n<p>Es dif\u00edcil encontrar la perfecta simetr\u00eda en el cuerpo humano, y las peque\u00f1as asimetr\u00edas suelen dar un aire de individualidad peculiar a cada persona. Pero a partir de un grado, la asimetr\u00eda incomoda la mirada y roba la atenci\u00f3n.<\/p>\n<p>Las medidas de los elementos dobles no necesitan ser isom\u00e9tricas (con las mismas medidas), pero proporcionalmente sim\u00e9tricas. Las diferencias de forma son m\u00e1s perceptibles que las diferencias de medidas. Puede haber armon\u00eda incluso con un lado mayor que el otro, pero con forma proporcional igual.<\/p>\n<p>No es raro, la propuesta de tratamiento mejora el conjunto, pero mantiene la asimetr\u00eda. Muchas veces, la paciente no tiene conciencia de sus asimetr\u00edas, y s\u00f3lo las percibe despu\u00e9s de alg\u00fan procedimiento est\u00e9tico, cuando analiza m\u00e1s detalladamente su imagen.<\/p>\n<p>La cirug\u00eda est\u00e9tica de las mamas busca aproximar las formas del ser humano a los conceptos de belleza natural, suavizando o al menos no acentuando las asimetr\u00edas.<\/p>\n\t\t\t\t\t\t<\/div>\n\t\t\t\t<\/div>\n\t\t\t\t<div class=\"elementor-element elementor-element-2fdaa6c elementor-align-left elementor-icon-list--layout-traditional elementor-list-item-link-full_width elementor-widget elementor-widget-icon-list\" data-id=\"2fdaa6c\" data-element_type=\"widget\" data-widget_type=\"icon-list.default\">\n\t\t\t\t<div class=\"elementor-widget-container\">\n\t\t\t<link rel=\"stylesheet\" href=\"https:\/\/sirleicosta.com.br\/wp-content\/plugins\/elementor\/assets\/css\/widget-icon-list.min.css\">\t\t<ul class=\"elementor-icon-list-items\">\n\t\t\t\t\t\t\t<li class=\"elementor-icon-list-item\">\n\t\t\t\t\t\t\t\t\t\t\t<a href=\"http:\/\/www.acm.org.br\/revista\/pdf\/artigos\/430.pdf\">\n\n\t\t\t\t\t\t\t\t\t\t\t\t<span class=\"elementor-icon-list-icon\">\n\t\t\t\t\t\t\t<i aria-hidden=\"true\" class=\"far fa-file\"><\/i>\t\t\t\t\t\t<\/span>\n\t\t\t\t\t\t\t\t\t\t<span class=\"elementor-icon-list-text\">M\u00e1s informaci\u00f3n sobre Asimetr\u00edas de la Mama en este art\u00edculo de autor\u00eda de la Dra. Sirlei Costa y Dra. Rosa Blotta.<\/span>\n\t\t\t\t\t\t\t\t\t\t\t<\/a>\n\t\t\t\t\t\t\t\t\t<\/li>\n\t\t\t\t\t\t<\/ul>\n\t\t\t\t<\/div>\n\t\t\t\t<\/div>\n\t\t\t\t\t<\/div>\n\t\t<\/div>\n\t\t\t\t\t<\/div>\n\t\t<\/section>\n\t\t\t\t<\/div>\n\t\t","protected":false},"excerpt":{"rendered":"<p>Simetr\u00eda, proporci\u00f3n y armon\u00eda. Las asimetr\u00edas son muy frecuentes en el cuerpo humano y una de las principales quejas en las consultas de cirug\u00eda est\u00e9tica. La percepci\u00f3n, el entendimiento y el tratamiento de estas alteraciones, que huyen de lo considerado como normalidad, son muy importantes para el adecuado manejo de las intervenciones de la mama. [&hellip;]<\/p>\n","protected":false},"author":6,"featured_media":0,"parent":0,"menu_order":0,"comment_status":"closed","ping_status":"closed","template":"","meta":{"inline_featured_image":false,"footnotes":""},"_links":{"self":[{"href":"https:\/\/sirleicosta.com.br\/es\/wp-json\/wp\/v2\/pages\/831"}],"collection":[{"href":"https:\/\/sirleicosta.com.br\/es\/wp-json\/wp\/v2\/pages"}],"about":[{"href":"https:\/\/sirleicosta.com.br\/es\/wp-json\/wp\/v2\/types\/page"}],"author":[{"embeddable":true,"href":"https:\/\/sirleicosta.com.br\/es\/wp-json\/wp\/v2\/users\/6"}],"replies":[{"embeddable":true,"href":"https:\/\/sirleicosta.com.br\/es\/wp-json\/wp\/v2\/comments?post=831"}],"version-history":[{"count":4,"href":"https:\/\/sirleicosta.com.br\/es\/wp-json\/wp\/v2\/pages\/831\/revisions"}],"predecessor-version":[{"id":1256,"href":"https:\/\/sirleicosta.com.br\/es\/wp-json\/wp\/v2\/pages\/831\/revisions\/1256"}],"wp:attachment":[{"href":"https:\/\/sirleicosta.com.br\/es\/wp-json\/wp\/v2\/media?parent=831"}],"curies":[{"name":"wp","href":"https:\/\/api.w.org\/{rel}","templated":true}]}}