{"id":829,"date":"2023-08-23T20:42:12","date_gmt":"2023-08-23T23:42:12","guid":{"rendered":"https:\/\/sirleicosta.com.br\/sindrome-de-poland\/"},"modified":"2024-01-23T09:58:43","modified_gmt":"2024-01-23T12:58:43","slug":"sindrome-de-poland","status":"publish","type":"page","link":"https:\/\/sirleicosta.com.br\/es\/sindrome-de-poland\/","title":{"rendered":"S\u00edndrome de Poland"},"content":{"rendered":"\t\t<div data-elementor-type=\"wp-page\" data-elementor-id=\"829\" class=\"elementor elementor-829 elementor-240\" data-elementor-post-type=\"page\">\n\t\t\t\t\t\t<section class=\"elementor-section elementor-top-section elementor-element elementor-element-0821ebf elementor-section-boxed elementor-section-height-default elementor-section-height-default\" data-id=\"0821ebf\" data-element_type=\"section\" data-settings=\"{&quot;background_background&quot;:&quot;classic&quot;}\">\n\t\t\t\t\t\t<div class=\"elementor-container elementor-column-gap-default\">\n\t\t\t\t\t<div class=\"elementor-column elementor-col-50 elementor-top-column elementor-element elementor-element-ace7517 elementor-hidden-tablet elementor-hidden-mobile\" data-id=\"ace7517\" data-element_type=\"column\">\n\t\t\t<div class=\"elementor-widget-wrap\">\n\t\t\t\t\t\t\t<\/div>\n\t\t<\/div>\n\t\t\t\t<div class=\"elementor-column elementor-col-50 elementor-top-column elementor-element elementor-element-15aa681\" data-id=\"15aa681\" data-element_type=\"column\">\n\t\t\t<div class=\"elementor-widget-wrap elementor-element-populated\">\n\t\t\t\t\t\t<div class=\"elementor-element elementor-element-05c77d4 animated-slow elementor-invisible elementor-widget elementor-widget-heading\" data-id=\"05c77d4\" data-element_type=\"widget\" data-settings=\"{&quot;_animation&quot;:&quot;fadeInRight&quot;}\" data-widget_type=\"heading.default\">\n\t\t\t\t<div class=\"elementor-widget-container\">\n\t\t\t<style>\/*! elementor - v3.21.0 - 08-05-2024 *\/\n.elementor-heading-title{padding:0;margin:0;line-height:1}.elementor-widget-heading .elementor-heading-title[class*=elementor-size-]>a{color:inherit;font-size:inherit;line-height:inherit}.elementor-widget-heading .elementor-heading-title.elementor-size-small{font-size:15px}.elementor-widget-heading .elementor-heading-title.elementor-size-medium{font-size:19px}.elementor-widget-heading .elementor-heading-title.elementor-size-large{font-size:29px}.elementor-widget-heading .elementor-heading-title.elementor-size-xl{font-size:39px}.elementor-widget-heading .elementor-heading-title.elementor-size-xxl{font-size:59px}<\/style><h3 class=\"elementor-heading-title elementor-size-default\">S\u00edndrome de Poland<\/h3>\t\t<\/div>\n\t\t\t\t<\/div>\n\t\t\t\t<div class=\"elementor-element elementor-element-9f019b1 animated-slow elementor-invisible elementor-widget elementor-widget-text-editor\" data-id=\"9f019b1\" data-element_type=\"widget\" data-settings=\"{&quot;_animation&quot;:&quot;fadeInRight&quot;}\" data-widget_type=\"text-editor.default\">\n\t\t\t\t<div class=\"elementor-widget-container\">\n\t\t\t<style>\/*! elementor - v3.21.0 - 08-05-2024 *\/\n.elementor-widget-text-editor.elementor-drop-cap-view-stacked .elementor-drop-cap{background-color:#69727d;color:#fff}.elementor-widget-text-editor.elementor-drop-cap-view-framed .elementor-drop-cap{color:#69727d;border:3px solid;background-color:transparent}.elementor-widget-text-editor:not(.elementor-drop-cap-view-default) .elementor-drop-cap{margin-top:8px}.elementor-widget-text-editor:not(.elementor-drop-cap-view-default) .elementor-drop-cap-letter{width:1em;height:1em}.elementor-widget-text-editor .elementor-drop-cap{float:left;text-align:center;line-height:1;font-size:50px}.elementor-widget-text-editor .elementor-drop-cap-letter{display:inline-block}<\/style>\t\t\t\t<p>Las deformidades cong\u00e9nitas que involucran la mama pueden ser m\u00ednimas, desde peque\u00f1as asimetr\u00edas de pez\u00f3n o complejo ar\u00e9olo-mamilar y peque\u00f1as asimetr\u00edas de volumen hasta asimetr\u00edas importantes de forma, volumen y posici\u00f3n de la mama en la pared tor\u00e1cica. Incluso cuando los cambios son peque\u00f1os, causan gran sufrimiento a las pacientes, exigiendo correcciones quir\u00fargicas complejas que tratan la deformidad con la menor secuela secundaria posible. Entre los s\u00edndromes cong\u00e9nitos que envuelven la mama, el S\u00edndrome de Poland es la principal, caracterizada por anormalidades de la mama y de la pared tor\u00e1cica, anomal\u00edas vertebrales y deformidades del miembro superior.<\/p>\n<p>Hay varias teor\u00edas sobre la causa de este s\u00edndrome, siendo atribuida a cambios en la formaci\u00f3n embrionaria, factores gen\u00e9ticos o deficiencias hormonales. La incidencia se estima en 1:25.000 a 1:32.000 nacimientos. La raz\u00f3n, entre hombre y mujer, es de 3:1, y 75% de los pacientes presentan el lado derecho afectado.<\/p>\n<p>Las deformidades de la pared tor\u00e1cica son menos perceptibles al nacimiento que las de la mano e incomodan m\u00e1s a las pacientes durante la adolescencia, cuando la alteraci\u00f3n se acent\u00faa por la ausencia o asimetr\u00eda del desarrollo mamario. En el s\u00edndrome de Poland, la ausencia o hipoplasia de los m\u00fasculos pectorales ofrece una cobertura pobre para la reconstrucci\u00f3n de la mama con pr\u00f3tesis, causando la deformidad que m\u00e1s incomoda a las pacientes: el pliegue de piel en el pilar axilar anterior.<\/p>\n\t\t\t\t\t\t<\/div>\n\t\t\t\t<\/div>\n\t\t\t\t<div class=\"elementor-element elementor-element-1cc3930 elementor-align-left elementor-widget__width-initial elementor-icon-list--layout-traditional elementor-list-item-link-full_width elementor-widget elementor-widget-icon-list\" data-id=\"1cc3930\" data-element_type=\"widget\" data-widget_type=\"icon-list.default\">\n\t\t\t\t<div class=\"elementor-widget-container\">\n\t\t\t<link rel=\"stylesheet\" href=\"https:\/\/sirleicosta.com.br\/wp-content\/plugins\/elementor\/assets\/css\/widget-icon-list.min.css\">\t\t<ul class=\"elementor-icon-list-items\">\n\t\t\t\t\t\t\t<li class=\"elementor-icon-list-item\">\n\t\t\t\t\t\t\t\t\t\t\t<a href=\"https:\/\/www.ncbi.nlm.nih.gov\/pmc\/articles\/PMC2948656\/\" target=\"_blank\">\n\n\t\t\t\t\t\t\t\t\t\t\t\t<span class=\"elementor-icon-list-icon\">\n\t\t\t\t\t\t\t<i aria-hidden=\"true\" class=\"far fa-file\"><\/i>\t\t\t\t\t\t<\/span>\n\t\t\t\t\t\t\t\t\t\t<span class=\"elementor-icon-list-text\">Sepa m\u00e1s en el art\u00edculo sobre S\u00edndrome de Poland de autor\u00eda de la Dra. Sirlei Costa y Dra. Rosa Blotta.<\/span>\n\t\t\t\t\t\t\t\t\t\t\t<\/a>\n\t\t\t\t\t\t\t\t\t<\/li>\n\t\t\t\t\t\t<\/ul>\n\t\t\t\t<\/div>\n\t\t\t\t<\/div>\n\t\t\t\t\t<\/div>\n\t\t<\/div>\n\t\t\t\t\t<\/div>\n\t\t<\/section>\n\t\t\t\t<\/div>\n\t\t","protected":false},"excerpt":{"rendered":"<p>S\u00edndrome de Poland Las deformidades cong\u00e9nitas que involucran la mama pueden ser m\u00ednimas, desde peque\u00f1as asimetr\u00edas de pez\u00f3n o complejo ar\u00e9olo-mamilar y peque\u00f1as asimetr\u00edas de volumen hasta asimetr\u00edas importantes de forma, volumen y posici\u00f3n de la mama en la pared tor\u00e1cica. Incluso cuando los cambios son peque\u00f1os, causan gran sufrimiento a las pacientes, exigiendo correcciones [&hellip;]<\/p>\n","protected":false},"author":6,"featured_media":0,"parent":0,"menu_order":0,"comment_status":"closed","ping_status":"closed","template":"","meta":{"inline_featured_image":false,"footnotes":""},"_links":{"self":[{"href":"https:\/\/sirleicosta.com.br\/es\/wp-json\/wp\/v2\/pages\/829"}],"collection":[{"href":"https:\/\/sirleicosta.com.br\/es\/wp-json\/wp\/v2\/pages"}],"about":[{"href":"https:\/\/sirleicosta.com.br\/es\/wp-json\/wp\/v2\/types\/page"}],"author":[{"embeddable":true,"href":"https:\/\/sirleicosta.com.br\/es\/wp-json\/wp\/v2\/users\/6"}],"replies":[{"embeddable":true,"href":"https:\/\/sirleicosta.com.br\/es\/wp-json\/wp\/v2\/comments?post=829"}],"version-history":[{"count":5,"href":"https:\/\/sirleicosta.com.br\/es\/wp-json\/wp\/v2\/pages\/829\/revisions"}],"predecessor-version":[{"id":940,"href":"https:\/\/sirleicosta.com.br\/es\/wp-json\/wp\/v2\/pages\/829\/revisions\/940"}],"wp:attachment":[{"href":"https:\/\/sirleicosta.com.br\/es\/wp-json\/wp\/v2\/media?parent=829"}],"curies":[{"name":"wp","href":"https:\/\/api.w.org\/{rel}","templated":true}]}}