{"id":821,"date":"2023-08-22T14:53:36","date_gmt":"2023-08-22T17:53:36","guid":{"rendered":"https:\/\/sirleicosta.com.br\/sobre\/"},"modified":"2025-04-02T15:24:32","modified_gmt":"2025-04-02T18:24:32","slug":"sobre","status":"publish","type":"page","link":"https:\/\/sirleicosta.com.br\/es\/sobre\/","title":{"rendered":"Sobre"},"content":{"rendered":"\t\t<div data-elementor-type=\"wp-page\" data-elementor-id=\"821\" class=\"elementor elementor-821 elementor-65\" data-elementor-post-type=\"page\">\n\t\t\t\t\t\t<section class=\"elementor-section elementor-top-section elementor-element elementor-element-ecb0d13 elementor-section-boxed elementor-section-height-default elementor-section-height-default\" data-id=\"ecb0d13\" data-element_type=\"section\">\n\t\t\t\t\t\t<div class=\"elementor-container elementor-column-gap-default\">\n\t\t\t\t\t<div class=\"elementor-column elementor-col-50 elementor-top-column elementor-element elementor-element-c3e7eb3 elementor-hidden-tablet elementor-hidden-mobile elementor-invisible\" data-id=\"c3e7eb3\" data-element_type=\"column\" data-settings=\"{&quot;animation&quot;:&quot;fadeInLeft&quot;}\">\n\t\t\t<div class=\"elementor-widget-wrap elementor-element-populated\">\n\t\t\t\t\t\t<div class=\"elementor-element elementor-element-0af5c61 elementor-widget elementor-widget-image\" data-id=\"0af5c61\" data-element_type=\"widget\" data-widget_type=\"image.default\">\n\t\t\t\t<div class=\"elementor-widget-container\">\n\t\t\t<style>\/*! elementor - v3.21.0 - 08-05-2024 *\/\n.elementor-widget-image{text-align:center}.elementor-widget-image a{display:inline-block}.elementor-widget-image a img[src$=\".svg\"]{width:48px}.elementor-widget-image img{vertical-align:middle;display:inline-block}<\/style>\t\t\t\t\t\t\t\t\t\t<img fetchpriority=\"high\" decoding=\"async\" width=\"447\" height=\"436\" src=\"https:\/\/sirleicosta.com.br\/wp-content\/uploads\/2023\/08\/Rectangle-57.png\" class=\"attachment-full size-full wp-image-71\" alt=\"\" srcset=\"https:\/\/sirleicosta.com.br\/wp-content\/uploads\/2023\/08\/Rectangle-57.png 447w, https:\/\/sirleicosta.com.br\/wp-content\/uploads\/2023\/08\/Rectangle-57-300x293.png 300w\" sizes=\"(max-width: 447px) 100vw, 447px\" \/>\t\t\t\t\t\t\t\t\t\t\t\t\t<\/div>\n\t\t\t\t<\/div>\n\t\t\t\t\t<\/div>\n\t\t<\/div>\n\t\t\t\t<div class=\"elementor-column elementor-col-50 elementor-top-column elementor-element elementor-element-b52550d animated-slow elementor-invisible\" data-id=\"b52550d\" data-element_type=\"column\" data-settings=\"{&quot;animation&quot;:&quot;fadeInRight&quot;}\">\n\t\t\t<div class=\"elementor-widget-wrap elementor-element-populated\">\n\t\t\t\t\t\t<div class=\"elementor-element elementor-element-9f5581a elementor-widget elementor-widget-heading\" data-id=\"9f5581a\" data-element_type=\"widget\" data-widget_type=\"heading.default\">\n\t\t\t\t<div class=\"elementor-widget-container\">\n\t\t\t<style>\/*! elementor - v3.21.0 - 08-05-2024 *\/\n.elementor-heading-title{padding:0;margin:0;line-height:1}.elementor-widget-heading .elementor-heading-title[class*=elementor-size-]>a{color:inherit;font-size:inherit;line-height:inherit}.elementor-widget-heading .elementor-heading-title.elementor-size-small{font-size:15px}.elementor-widget-heading .elementor-heading-title.elementor-size-medium{font-size:19px}.elementor-widget-heading .elementor-heading-title.elementor-size-large{font-size:29px}.elementor-widget-heading .elementor-heading-title.elementor-size-xl{font-size:39px}.elementor-widget-heading .elementor-heading-title.elementor-size-xxl{font-size:59px}<\/style><h2 class=\"elementor-heading-title elementor-size-default\">Cl\u00ednica especializada en\nCirug\u00eda Pl\u00e1stica y Mastolog\u00eda<\/h2>\t\t<\/div>\n\t\t\t\t<\/div>\n\t\t\t\t<div class=\"elementor-element elementor-element-0652ac8 elementor-hidden-desktop elementor-widget elementor-widget-image\" data-id=\"0652ac8\" data-element_type=\"widget\" data-widget_type=\"image.default\">\n\t\t\t\t<div class=\"elementor-widget-container\">\n\t\t\t\t\t\t\t\t\t\t\t\t\t<img fetchpriority=\"high\" decoding=\"async\" width=\"447\" height=\"436\" src=\"https:\/\/sirleicosta.com.br\/wp-content\/uploads\/2023\/08\/Rectangle-57.png\" class=\"attachment-full size-full wp-image-71\" alt=\"\" srcset=\"https:\/\/sirleicosta.com.br\/wp-content\/uploads\/2023\/08\/Rectangle-57.png 447w, https:\/\/sirleicosta.com.br\/wp-content\/uploads\/2023\/08\/Rectangle-57-300x293.png 300w\" sizes=\"(max-width: 447px) 100vw, 447px\" \/>\t\t\t\t\t\t\t\t\t\t\t\t\t<\/div>\n\t\t\t\t<\/div>\n\t\t\t\t<div class=\"elementor-element elementor-element-e3fa0d9 elementor-widget elementor-widget-text-editor\" data-id=\"e3fa0d9\" data-element_type=\"widget\" data-widget_type=\"text-editor.default\">\n\t\t\t\t<div class=\"elementor-widget-container\">\n\t\t\t<style>\/*! elementor - v3.21.0 - 08-05-2024 *\/\n.elementor-widget-text-editor.elementor-drop-cap-view-stacked .elementor-drop-cap{background-color:#69727d;color:#fff}.elementor-widget-text-editor.elementor-drop-cap-view-framed .elementor-drop-cap{color:#69727d;border:3px solid;background-color:transparent}.elementor-widget-text-editor:not(.elementor-drop-cap-view-default) .elementor-drop-cap{margin-top:8px}.elementor-widget-text-editor:not(.elementor-drop-cap-view-default) .elementor-drop-cap-letter{width:1em;height:1em}.elementor-widget-text-editor .elementor-drop-cap{float:left;text-align:center;line-height:1;font-size:50px}.elementor-widget-text-editor .elementor-drop-cap-letter{display:inline-block}<\/style>\t\t\t\t<p>El Centro de Cirug\u00eda Reconstructiva \u2013 cl\u00ednica especializada en Cirug\u00eda Pl\u00e1stica y Mastolog\u00eda, ubicada en Porto Alegre, RS, Brasil \u2013 tiene como foco el tratamiento resolutivo personalizado, eficiente e inmediato de todas las alteraciones que acomete la mama.<\/p>\n<p>La est\u00e9tica corporal y, principalmente, de la mama femenina es muy significativa para la autoestima de la mujer. Cualquier desconformidad influye en su propia percepci\u00f3n y en su autoestima.<\/p>\n<p>Para las pacientes que presentan alguna alteraci\u00f3n, desde proporci\u00f3n de tama\u00f1o hasta grandes deformidades, este equipo est\u00e1 listo para ofrecer las m\u00e1s diversas posibilidades y alternativas de tratamiento, alineadas a los mejores centros internacionales.<\/p>\n\t\t\t\t\t\t<\/div>\n\t\t\t\t<\/div>\n\t\t\t\t\t<\/div>\n\t\t<\/div>\n\t\t\t\t\t<\/div>\n\t\t<\/section>\n\t\t\t\t<\/div>\n\t\t","protected":false},"excerpt":{"rendered":"<p>Cl\u00ednica especializada en Cirug\u00eda Pl\u00e1stica y Mastolog\u00eda El Centro de Cirug\u00eda Reconstructiva \u2013 cl\u00ednica especializada en Cirug\u00eda Pl\u00e1stica y Mastolog\u00eda, ubicada en Porto Alegre, RS, Brasil \u2013 tiene como foco el tratamiento resolutivo personalizado, eficiente e inmediato de todas las alteraciones que acomete la mama. La est\u00e9tica corporal y, principalmente, de la mama femenina es [&hellip;]<\/p>\n","protected":false},"author":6,"featured_media":0,"parent":0,"menu_order":0,"comment_status":"closed","ping_status":"closed","template":"","meta":{"inline_featured_image":false,"footnotes":""},"_links":{"self":[{"href":"https:\/\/sirleicosta.com.br\/es\/wp-json\/wp\/v2\/pages\/821"}],"collection":[{"href":"https:\/\/sirleicosta.com.br\/es\/wp-json\/wp\/v2\/pages"}],"about":[{"href":"https:\/\/sirleicosta.com.br\/es\/wp-json\/wp\/v2\/types\/page"}],"author":[{"embeddable":true,"href":"https:\/\/sirleicosta.com.br\/es\/wp-json\/wp\/v2\/users\/6"}],"replies":[{"embeddable":true,"href":"https:\/\/sirleicosta.com.br\/es\/wp-json\/wp\/v2\/comments?post=821"}],"version-history":[{"count":5,"href":"https:\/\/sirleicosta.com.br\/es\/wp-json\/wp\/v2\/pages\/821\/revisions"}],"predecessor-version":[{"id":1370,"href":"https:\/\/sirleicosta.com.br\/es\/wp-json\/wp\/v2\/pages\/821\/revisions\/1370"}],"wp:attachment":[{"href":"https:\/\/sirleicosta.com.br\/es\/wp-json\/wp\/v2\/media?parent=821"}],"curies":[{"name":"wp","href":"https:\/\/api.w.org\/{rel}","templated":true}]}}