{"id":1433,"date":"2025-05-20T09:56:20","date_gmt":"2025-05-20T12:56:20","guid":{"rendered":"https:\/\/sirleicosta.com.br\/tecnica-preserve\/"},"modified":"2025-05-26T15:08:43","modified_gmt":"2025-05-26T18:08:43","slug":"tecnica-preserve","status":"publish","type":"page","link":"https:\/\/sirleicosta.com.br\/es\/tecnica-preserve\/","title":{"rendered":"T\u00e9cnica Preserv\u00e9"},"content":{"rendered":"\t\t<div data-elementor-type=\"wp-page\" data-elementor-id=\"1433\" class=\"elementor elementor-1433 elementor-1422\" data-elementor-post-type=\"page\">\n\t\t\t\t\t\t<section class=\"elementor-section elementor-top-section elementor-element elementor-element-760a59c elementor-section-boxed elementor-section-height-default elementor-section-height-default\" data-id=\"760a59c\" data-element_type=\"section\" data-settings=\"{&quot;background_background&quot;:&quot;classic&quot;}\">\n\t\t\t\t\t\t<div class=\"elementor-container elementor-column-gap-no\">\n\t\t\t\t\t<div class=\"elementor-column elementor-col-50 elementor-top-column elementor-element elementor-element-32fe665 elementor-invisible\" data-id=\"32fe665\" data-element_type=\"column\" data-settings=\"{&quot;animation&quot;:&quot;fadeInLeft&quot;}\">\n\t\t\t<div class=\"elementor-widget-wrap elementor-element-populated\">\n\t\t\t\t\t\t<div class=\"elementor-element elementor-element-3e4baaf elementor-widget elementor-widget-image\" data-id=\"3e4baaf\" data-element_type=\"widget\" data-widget_type=\"image.default\">\n\t\t\t\t<div class=\"elementor-widget-container\">\n\t\t\t<style>\/*! elementor - v3.21.0 - 08-05-2024 *\/\n.elementor-widget-image{text-align:center}.elementor-widget-image a{display:inline-block}.elementor-widget-image a img[src$=\".svg\"]{width:48px}.elementor-widget-image img{vertical-align:middle;display:inline-block}<\/style>\t\t\t\t\t\t\t\t\t\t<img fetchpriority=\"high\" decoding=\"async\" width=\"1024\" height=\"1024\" src=\"https:\/\/sirleicosta.com.br\/wp-content\/uploads\/2025\/05\/IMG_9651.jpg\" class=\"attachment-full size-full wp-image-1425\" alt=\"\" srcset=\"https:\/\/sirleicosta.com.br\/wp-content\/uploads\/2025\/05\/IMG_9651.jpg 1024w, https:\/\/sirleicosta.com.br\/wp-content\/uploads\/2025\/05\/IMG_9651-300x300.jpg 300w, https:\/\/sirleicosta.com.br\/wp-content\/uploads\/2025\/05\/IMG_9651-150x150.jpg 150w, https:\/\/sirleicosta.com.br\/wp-content\/uploads\/2025\/05\/IMG_9651-768x768.jpg 768w\" sizes=\"(max-width: 1024px) 100vw, 1024px\" \/>\t\t\t\t\t\t\t\t\t\t\t\t\t<\/div>\n\t\t\t\t<\/div>\n\t\t\t\t\t<\/div>\n\t\t<\/div>\n\t\t\t\t<div class=\"elementor-column elementor-col-50 elementor-top-column elementor-element elementor-element-61a66ed\" data-id=\"61a66ed\" data-element_type=\"column\">\n\t\t\t<div class=\"elementor-widget-wrap elementor-element-populated\">\n\t\t\t\t\t\t<div class=\"elementor-element elementor-element-771e3cc elementor-widget elementor-widget-heading\" data-id=\"771e3cc\" data-element_type=\"widget\" data-widget_type=\"heading.default\">\n\t\t\t\t<div class=\"elementor-widget-container\">\n\t\t\t<style>\/*! elementor - v3.21.0 - 08-05-2024 *\/\n.elementor-heading-title{padding:0;margin:0;line-height:1}.elementor-widget-heading .elementor-heading-title[class*=elementor-size-]>a{color:inherit;font-size:inherit;line-height:inherit}.elementor-widget-heading .elementor-heading-title.elementor-size-small{font-size:15px}.elementor-widget-heading .elementor-heading-title.elementor-size-medium{font-size:19px}.elementor-widget-heading .elementor-heading-title.elementor-size-large{font-size:29px}.elementor-widget-heading .elementor-heading-title.elementor-size-xl{font-size:39px}.elementor-widget-heading .elementor-heading-title.elementor-size-xxl{font-size:59px}<\/style><h2 class=\"elementor-heading-title elementor-size-default\">T\u00e9cnica Preserv\u00e9: Respeto por la Anatom\u00eda, Valor por la Historia de Cada Mujer<\/h2>\t\t<\/div>\n\t\t\t\t<\/div>\n\t\t\t\t<div class=\"elementor-element elementor-element-f6d7855 animated-slow elementor-invisible elementor-widget elementor-widget-text-editor\" data-id=\"f6d7855\" data-element_type=\"widget\" data-settings=\"{&quot;_animation&quot;:&quot;fadeInRight&quot;}\" data-widget_type=\"text-editor.default\">\n\t\t\t\t<div class=\"elementor-widget-container\">\n\t\t\t<style>\/*! elementor - v3.21.0 - 08-05-2024 *\/\n.elementor-widget-text-editor.elementor-drop-cap-view-stacked .elementor-drop-cap{background-color:#69727d;color:#fff}.elementor-widget-text-editor.elementor-drop-cap-view-framed .elementor-drop-cap{color:#69727d;border:3px solid;background-color:transparent}.elementor-widget-text-editor:not(.elementor-drop-cap-view-default) .elementor-drop-cap{margin-top:8px}.elementor-widget-text-editor:not(.elementor-drop-cap-view-default) .elementor-drop-cap-letter{width:1em;height:1em}.elementor-widget-text-editor .elementor-drop-cap{float:left;text-align:center;line-height:1;font-size:50px}.elementor-widget-text-editor .elementor-drop-cap-letter{display:inline-block}<\/style>\t\t\t\t<p>Con m\u00e1s de tres d\u00e9cadas de experiencia en cirug\u00eda mamaria, la Dra. Sirlei reconocida como una referencia en el \u00e1rea ha tra\u00eddo al Centro de Cirug\u00eda Reconstructiva una filosof\u00eda basada en el cuidado de cada detalle \u2014 No solo en el resultado final, sino especialmente en la preservaci\u00f3n de las estructuras que sostienen tanto el cuerpo como la autoestima de cada mujer.<\/p><p>La t\u00e9cnica Preserv\u00e9 representa un avance significativo en este enfoque: un m\u00e9todo m\u00e1s preciso, m\u00ednimamente invasivo y profundamente respetuoso con la anatom\u00eda natural de las mamas. Indicada para el aumento de senos con pr\u00f3tesis, esta t\u00e9cnica se destaca por preservar los ligamentos naturales de la mama \u2014 estructuras esenciales para su contorno y soporte.<\/p><p>Al evitar grandes despegamientos de tejido, es posible minimizar los traumas, reducir el tiempo de recuperaci\u00f3n, preservar la sensibilidad y ofrecer resultados m\u00e1s arm\u00f3nicos y naturales. El procedimiento utiliza incisiones m\u00e1s peque\u00f1as y un dispositivo especial para la inserci\u00f3n del implante, lo que disminuye el riesgo de sangrado, facilita la cirug\u00eda y brinda mayor comodidad en el postoperatorio.<\/p><p>Cada mama tiene su propia historia, forma y estructura. Preservarla es respetar todo eso \u2014 es operar con la conciencia de quien cuida, no solo de quien transforma.<\/p><p>La Dra. Sirlei est\u00e1 habilitada internacionalmente para realizar la t\u00e9cnica Preserv\u00e9, tras haber formado parte de un grupo selecto de especialistas capacitados en Costa Rica. Esta formaci\u00f3n internacional, sumada a su s\u00f3lida trayectoria como cirujana pl\u00e1stica y mast\u00f3loga \u2014 refuerza el compromiso del Centro con una medicina \u00e9tica, cuidadosa y t\u00e9cnicamente refinada.<\/p><p>En el Centro de Cirug\u00eda Reconstructiva, nuestra misi\u00f3n va m\u00e1s all\u00e1 del acto quir\u00fargico. Creemos en una atenci\u00f3n individualizada, donde la escucha, la planificaci\u00f3n y el seguimiento son tan importantes como la cirug\u00eda en s\u00ed. Nuestro m\u00e9todo valora el equilibrio entre forma, funci\u00f3n e identidad \u2014 siempre con seguridad, transparencia y respeto a las decisiones de cada mujer.<\/p>\t\t\t\t\t\t<\/div>\n\t\t\t\t<\/div>\n\t\t\t\t\t<\/div>\n\t\t<\/div>\n\t\t\t\t\t<\/div>\n\t\t<\/section>\n\t\t\t\t<\/div>\n\t\t","protected":false},"excerpt":{"rendered":"<p>T\u00e9cnica Preserv\u00e9: Respeto por la Anatom\u00eda, Valor por la Historia de Cada Mujer Con m\u00e1s de tres d\u00e9cadas de experiencia en cirug\u00eda mamaria, la Dra. Sirlei reconocida como una referencia en el \u00e1rea ha tra\u00eddo al Centro de Cirug\u00eda Reconstructiva una filosof\u00eda basada en el cuidado de cada detalle \u2014 No solo en el resultado [&hellip;]<\/p>\n","protected":false},"author":3,"featured_media":0,"parent":0,"menu_order":0,"comment_status":"closed","ping_status":"closed","template":"","meta":{"inline_featured_image":false,"footnotes":""},"_links":{"self":[{"href":"https:\/\/sirleicosta.com.br\/es\/wp-json\/wp\/v2\/pages\/1433"}],"collection":[{"href":"https:\/\/sirleicosta.com.br\/es\/wp-json\/wp\/v2\/pages"}],"about":[{"href":"https:\/\/sirleicosta.com.br\/es\/wp-json\/wp\/v2\/types\/page"}],"author":[{"embeddable":true,"href":"https:\/\/sirleicosta.com.br\/es\/wp-json\/wp\/v2\/users\/3"}],"replies":[{"embeddable":true,"href":"https:\/\/sirleicosta.com.br\/es\/wp-json\/wp\/v2\/comments?post=1433"}],"version-history":[{"count":12,"href":"https:\/\/sirleicosta.com.br\/es\/wp-json\/wp\/v2\/pages\/1433\/revisions"}],"predecessor-version":[{"id":1604,"href":"https:\/\/sirleicosta.com.br\/es\/wp-json\/wp\/v2\/pages\/1433\/revisions\/1604"}],"wp:attachment":[{"href":"https:\/\/sirleicosta.com.br\/es\/wp-json\/wp\/v2\/media?parent=1433"}],"curies":[{"name":"wp","href":"https:\/\/api.w.org\/{rel}","templated":true}]}}